{"id":6906,"date":"2025-06-30T17:59:00","date_gmt":"2025-06-30T17:59:00","guid":{"rendered":"https:\/\/paoloaldea.com\/?page_id=6906"},"modified":"2025-06-30T18:07:32","modified_gmt":"2025-06-30T18:07:32","slug":"blog","status":"publish","type":"page","link":"https:\/\/paoloaldea.com\/?page_id=6906","title":{"rendered":"Blog"},"content":{"rendered":"\t\t<div data-elementor-type=\"wp-page\" data-elementor-id=\"6906\" class=\"elementor elementor-6906\" data-elementor-post-type=\"page\">\n\t\t\t\t<div class=\"elementor-element elementor-element-c9b1d3d e-flex e-con-boxed e-con e-parent\" data-id=\"c9b1d3d\" data-element_type=\"container\" data-e-type=\"container\">\n\t\t\t\t\t<div class=\"e-con-inner\">\n\t\t\t\t<div class=\"elementor-element elementor-element-a08c50f elementor-widget elementor-widget-heading\" data-id=\"a08c50f\" data-element_type=\"widget\" data-e-type=\"widget\" data-widget_type=\"heading.default\">\n\t\t\t\t<div class=\"elementor-widget-container\">\n\t\t\t\t\t<h2 class=\"elementor-heading-title elementor-size-default\">Conoce las noticias y contenido en tendencia de nuestro blog Paolo aldea<\/h2>\t\t\t\t<\/div>\n\t\t\t\t<\/div>\n\t\t\t\t\t<\/div>\n\t\t\t\t<\/div>\n\t\t<div class=\"elementor-element elementor-element-d84c1db e-flex e-con-boxed e-con e-parent\" data-id=\"d84c1db\" data-element_type=\"container\" data-e-type=\"container\">\n\t\t\t\t\t<div class=\"e-con-inner\">\n\t\t\t\t\t<\/div>\n\t\t\t\t<\/div>\n\t\t\t\t<\/div>\n\t\t","protected":false},"excerpt":{"rendered":"<p>Conoce las noticias y contenido en tendencia de nuestro blog Paolo aldea Delitos y Defensa Penal junio 18, 2025 \u00bfCu\u00e1les son los delitos m\u00e1s comunes en Per\u00fa y c\u00f3mo enfrentarlos legalmente? El sistema penal peruano contempla una amplia variedad de delitos, pero algunos se presentan con mayor frecuencia debido a factores sociales, econ\u00f3micos y culturales. [&hellip;]<\/p>\n","protected":false},"author":1,"featured_media":0,"parent":0,"menu_order":0,"comment_status":"closed","ping_status":"closed","template":"","meta":{"_acf_changed":false,"_joinchat":[],"footnotes":""},"class_list":["post-6906","page","type-page","status-publish","hentry"],"acf":[],"_links":{"self":[{"href":"https:\/\/paoloaldea.com\/index.php?rest_route=\/wp\/v2\/pages\/6906","targetHints":{"allow":["GET"]}}],"collection":[{"href":"https:\/\/paoloaldea.com\/index.php?rest_route=\/wp\/v2\/pages"}],"about":[{"href":"https:\/\/paoloaldea.com\/index.php?rest_route=\/wp\/v2\/types\/page"}],"author":[{"embeddable":true,"href":"https:\/\/paoloaldea.com\/index.php?rest_route=\/wp\/v2\/users\/1"}],"replies":[{"embeddable":true,"href":"https:\/\/paoloaldea.com\/index.php?rest_route=%2Fwp%2Fv2%2Fcomments&post=6906"}],"version-history":[{"count":4,"href":"https:\/\/paoloaldea.com\/index.php?rest_route=\/wp\/v2\/pages\/6906\/revisions"}],"predecessor-version":[{"id":6911,"href":"https:\/\/paoloaldea.com\/index.php?rest_route=\/wp\/v2\/pages\/6906\/revisions\/6911"}],"wp:attachment":[{"href":"https:\/\/paoloaldea.com\/index.php?rest_route=%2Fwp%2Fv2%2Fmedia&parent=6906"}],"curies":[{"name":"wp","href":"https:\/\/api.w.org\/{rel}","templated":true}]}}